{"id":870,"date":"2024-07-22T07:44:44","date_gmt":"2024-07-22T07:44:44","guid":{"rendered":"https:\/\/tresorzentrale-mallorca.com\/pie-de-imprenta\/"},"modified":"2024-08-05T08:40:07","modified_gmt":"2024-08-05T08:40:07","slug":"pie-de-imprenta","status":"publish","type":"page","link":"https:\/\/tresorzentrale-mallorca.com\/es\/pie-de-imprenta\/","title":{"rendered":"Pie de imprenta"},"content":{"rendered":"<h1>\u00a7 Imprimir<\/h1>\n<div>\n<p>Datos legales e informaci\u00f3n sobre la empresa<\/p>\n<\/div>\n<div>\n<p><strong>tresorzentrale GmbH<\/strong><br \/>S\u00fcdliche M\u00fcnchner Stra\u00dfe 15<br \/>82031 Gr\u00fcnwald<\/p>\n<p><strong>Representado por el director general<\/strong><br \/>Michael Sontheimer<\/p>\n<p>Tel\u00e9fono: <a href=\"tel:+491713681245\">+49 (0)171 36 81 245<\/a><br \/>Correo electr\u00f3nico: <a href=\"mailto:info@tresorzentrale-mallorca.com\">info@tresorzentrale-mallorca.com<\/a><\/p>\n<p><strong>Entrada de registro<\/strong><br \/>Tribunal de Distrito de M\u00fanich HRB 279639<\/p>\n<p><strong>N\u00famero fiscal:<\/strong> 143\/187\/72208<br \/><strong>NIF:<\/strong> DE 357 713 266<\/p>\n<p><strong>Fuente:<\/strong> http:\/\/www.e-recht24.de<\/p>\n<div class=\"woocommerce woocommerce-gzd woocommerce-gzd-complaints-shortcode\">\n<h3>Resoluci\u00f3n alternativa de litigios de conformidad con el art\u00edculo 14, apartado 1 de ODR-VO y el art\u00edculo 36 de VSBG:<\/h3>\n<p>La Comisi\u00f3n Europea proporciona una plataforma para la resoluci\u00f3n de disputas (OS) en l\u00ednea, a la que puede acceder en<span><\/span><a href=\"https:\/\/ec.europa.eu\/consumers\/odr\" target=\" _blank\" rel=\"noopener\">https:\/\/ec.europa.eu\/consumers\/odr<\/a><span>\u00a0<\/span>buscar. No estamos obligados ni dispuestos a participar en un procedimiento de resoluci\u00f3n de disputas ante una junta arbitral de consumo.<\/p>\n<\/div>\n<h2 class=\"wp-block-heading\">Descargo de responsabilidad<\/h2>\n<p><strong>Responsabilidad por el contenido<\/strong><br \/>Como proveedor de servicios, somos responsables de nuestro propio contenido en estas p\u00e1ginas de acuerdo con las leyes generales de conformidad. Sin embargo, como proveedor de servicios no estamos obligados a controlar la informaci\u00f3n de terceros transmitida o almacenada ni a investigar circunstancias que indiquen una actividad ilegal. Las obligaciones de eliminar o bloquear el uso de informaci\u00f3n de acuerdo con la ley general no se ver\u00e1n afectadas. Sin embargo, la responsabilidad a este respecto s\u00f3lo es posible a partir del momento en que se tiene conocimiento de una infracci\u00f3n legal concreta. Si tenemos conocimiento de alguna infracci\u00f3n legal correspondiente, eliminaremos inmediatamente este contenido.<\/p>\n<p><strong>Responsabilidad por los enlaces<\/strong><br \/>Nuestra oferta contiene enlaces a sitios web externos de terceros sobre cuyo contenido no tenemos ninguna influencia. Por lo tanto, no podemos asumir ninguna responsabilidad por este contenido externo. El respectivo proveedor u operador de las p\u00e1ginas es siempre responsable del contenido de las p\u00e1ginas enlazadas. En el momento de la vinculaci\u00f3n se comprobaron las p\u00e1ginas enlazadas para detectar posibles infracciones legales. El contenido ilegal no era evidente en el momento del enlace. Sin embargo, un control permanente del contenido de las p\u00e1ginas enlazadas no es razonable sin pruebas concretas de una infracci\u00f3n legal. Si tenemos conocimiento de alguna infracci\u00f3n legal, eliminaremos inmediatamente dichos enlaces.<\/p>\n<p><strong>Copyright<\/strong><br \/>El contenido y las obras de estas p\u00e1ginas creadas por los operadores del sitio est\u00e1n sujetos a la ley de derechos de autor alemana. La reproducci\u00f3n, procesamiento, distribuci\u00f3n y cualquier tipo de explotaci\u00f3n fuera de los l\u00edmites de la ley de derechos de autor requieren el consentimiento por escrito del respectivo autor o creador. Las descargas y copias de esta p\u00e1gina s\u00f3lo est\u00e1n permitidas para uso privado y no comercial. Si el contenido de este sitio no fue creado por el operador, se respetan los derechos de autor de terceros. En particular, se marcan como tales contenidos de terceros. No obstante, si tiene conocimiento de una infracci\u00f3n de derechos de autor, le pedimos que nos lo notifique en consecuencia. Si tenemos conocimiento de alguna infracci\u00f3n legal, eliminaremos inmediatamente dicho contenido.<\/p>\n<\/div>\n<p><!--more--><br \/>\n<!-- {\"type\":\"layout\",\"children\":[{\"type\":\"section\",\"props\":{\"image_position\":\"center-center\",\"padding\":\"small\",\"style\":\"muted\",\"title_breakpoint\":\"xl\",\"title_position\":\"top-left\",\"title_rotation\":\"left\",\"vertical_align\":\"middle\",\"width\":\"large\"},\"children\":[{\"type\":\"row\",\"children\":[{\"type\":\"column\",\"props\":{\"image_position\":\"center-center\",\"position_sticky_breakpoint\":\"m\"},\"children\":[{\"type\":\"headline\",\"props\":{\"content\":\"\\u00a7 Imprimir\",\"title_element\":\"h1\"}},{\"type\":\"text\",\"props\":{\"column_breakpoint\":\"m\",\"content\":\"\n\n<p>Datos legales e informaci\\u00f3n sobre la empresa<\\\/p>\",\"margin\":\"default\"}}]}]}]},{\"type\":\"section\",\"props\":{\"height\":\"page\",\"image_position\":\"center-center\",\"style\":\"default\",\"title_breakpoint\":\"xl\",\"title_position\":\"top-left\",\"title_rotation\":\"left\",\"vertical_align\":\"\",\"width\":\"large\"},\"children\":[{\"type\":\"row\",\"children\":[{\"type\":\"column\",\"props\":{\"image_position\":\"center-center\",\"position_sticky_breakpoint\":\"m\"},\"children\":[{\"type\":\"text\",\"props\":{\"column_breakpoint\":\"m\",\"content\":\"\n\n<p><strong>tresorzentrale GmbH<\\\/strong><br \\\/>S\\u00fcdliche M\\u00fcnchner Stra\\u00dfe 15<br \\\/>82031 Gr\\u00fcnwald<\\\/p>\\n\n\n<p><strong>Representado por el director general<\\\/strong><br \\\/>Michael Sontheimer<\\\/p>\\n\n\n<p>Tel\\u00e9fono: <a href=\\\"tel:+491713681245\\\">+49 (0)171 36 81 245<\\\/a><br \\\/>Correo electr\\u00f3nico: <a href=\\\"mailto:info@tresorzentrale-mallorca.com\\\">info@tresorzentrale-mallorca.com<\\\/a><\\\/p>\\n\n\n<p><strong>Entrada de registro<\\\/strong><br \\\/>Tribunal de Distrito de M\\u00fanich HRB 279639<\\\/p>\\n\n\n<p><strong>N\\u00famero fiscal:<\\\/strong> 143\\\/187\\\/72208<br \\\/><strong>NIF:<\\\/strong> DE 357 713 266<\\\/p>\\n\n\n<p><strong>Fuente:<\\\/strong> http:\\\/\\\/www.e-recht24.de<\\\/p>\\n\n\n<div class=\\\"woocommerce woocommerce-gzd woocommerce-gzd-complaints-shortcode\\\">\\n\n\n<h3>Resoluci\\u00f3n alternativa de litigios de conformidad con el art\\u00edculo 14, apartado 1 de ODR-VO y el art\\u00edculo 36 de VSBG:<\\\/h3>\\n\n\n<p>La Comisi\\u00f3n Europea proporciona una plataforma para la resoluci\\u00f3n de disputas (OS) en l\\u00ednea, a la que puede acceder en<span><\\\/span><a href=\\\"https:\\\/\\\/ec.europa.eu\\\/consumers\\\/odr\\\" target=\\\" _blank\\\" rel=\\\"noopener\\\">https:\\\/\\\/ec.europa.eu\\\/consumers\\\/odr<\\\/a><span>\\u00a0<\\\/span>buscar. No estamos obligados ni dispuestos a participar en un procedimiento de resoluci\\u00f3n de disputas ante una junta arbitral de consumo.<\\\/p>\\n<\\\/div>\\n\n\n<h2 class=\\\"wp-block-heading\\\">Descargo de responsabilidad<\\\/h2>\\n\n\n<p><strong>Responsabilidad por el contenido<\\\/strong><br \\\/>Como proveedor de servicios, somos responsables de nuestro propio contenido en estas p\\u00e1ginas de acuerdo con las leyes generales de conformidad. Sin embargo, como proveedor de servicios no estamos obligados a controlar la informaci\\u00f3n de terceros transmitida o almacenada ni a investigar circunstancias que indiquen una actividad ilegal. Las obligaciones de eliminar o bloquear el uso de informaci\\u00f3n de acuerdo con la ley general no se ver\\u00e1n afectadas. Sin embargo, la responsabilidad a este respecto s\\u00f3lo es posible a partir del momento en que se tiene conocimiento de una infracci\\u00f3n legal concreta. Si tenemos conocimiento de alguna infracci\\u00f3n legal correspondiente, eliminaremos inmediatamente este contenido.<\\\/p>\\n\n\n<p><strong>Responsabilidad por los enlaces<\\\/strong><br \\\/>Nuestra oferta contiene enlaces a sitios web externos de terceros sobre cuyo contenido no tenemos ninguna influencia. Por lo tanto, no podemos asumir ninguna responsabilidad por este contenido externo. El respectivo proveedor u operador de las p\\u00e1ginas es siempre responsable del contenido de las p\\u00e1ginas enlazadas. En el momento de la vinculaci\\u00f3n se comprobaron las p\\u00e1ginas enlazadas para detectar posibles infracciones legales. El contenido ilegal no era evidente en el momento del enlace. Sin embargo, un control permanente del contenido de las p\\u00e1ginas enlazadas no es razonable sin pruebas concretas de una infracci\\u00f3n legal. Si tenemos conocimiento de alguna infracci\\u00f3n legal, eliminaremos inmediatamente dichos enlaces.<\\\/p>\\n\n\n<p><strong>Copyright<\\\/strong><br \\\/>El contenido y las obras de estas p\\u00e1ginas creadas por los operadores del sitio est\\u00e1n sujetos a la ley de derechos de autor alemana. La reproducci\\u00f3n, procesamiento, distribuci\\u00f3n y cualquier tipo de explotaci\\u00f3n fuera de los l\\u00edmites de la ley de derechos de autor requieren el consentimiento por escrito del respectivo autor o creador. Las descargas y copias de esta p\\u00e1gina s\\u00f3lo est\\u00e1n permitidas para uso privado y no comercial. Si el contenido de este sitio no fue creado por el operador, se respetan los derechos de autor de terceros. En particular, se marcan como tales contenidos de terceros. No obstante, si tiene conocimiento de una infracci\\u00f3n de derechos de autor, le pedimos que nos lo notifique en consecuencia. Si tenemos conocimiento de alguna infracci\\u00f3n legal, eliminaremos inmediatamente dicho contenido.<\\\/p>\",\"margin\":\"default\"}}]}]}]}],\"version\":\"4.4.6\",\"yooessentialsVersion\":\"2.2.15\"} --><\/p>\n","protected":false},"excerpt":{"rendered":"<p>\u00a7 Imprimir Datos legales e informaci\u00f3n sobre la empresa tresorzentrale GmbHS\u00fcdliche M\u00fcnchner Stra\u00dfe 1582031 Gr\u00fcnwald Representado por el director generalMichael Sontheimer Tel\u00e9fono: +49 (0)171 36 81 245Correo electr\u00f3nico: info@tresorzentrale-mallorca.com Entrada de registroTribunal de Distrito de M\u00fanich HRB 279639 N\u00famero fiscal: 143\/187\/72208NIF: DE 357 713 266 Fuente: http:\/\/www.e-recht24.de Resoluci\u00f3n alternativa de litigios de conformidad con el [&hellip;]<\/p>\n","protected":false},"author":1,"featured_media":0,"parent":0,"menu_order":0,"comment_status":"closed","ping_status":"closed","template":"","meta":{"_acf_changed":false,"footnotes":""},"class_list":["post-870","page","type-page","status-publish","hentry"],"acf":[],"_links":{"self":[{"href":"https:\/\/tresorzentrale-mallorca.com\/es\/wp-json\/wp\/v2\/pages\/870","targetHints":{"allow":["GET"]}}],"collection":[{"href":"https:\/\/tresorzentrale-mallorca.com\/es\/wp-json\/wp\/v2\/pages"}],"about":[{"href":"https:\/\/tresorzentrale-mallorca.com\/es\/wp-json\/wp\/v2\/types\/page"}],"author":[{"embeddable":true,"href":"https:\/\/tresorzentrale-mallorca.com\/es\/wp-json\/wp\/v2\/users\/1"}],"replies":[{"embeddable":true,"href":"https:\/\/tresorzentrale-mallorca.com\/es\/wp-json\/wp\/v2\/comments?post=870"}],"version-history":[{"count":5,"href":"https:\/\/tresorzentrale-mallorca.com\/es\/wp-json\/wp\/v2\/pages\/870\/revisions"}],"predecessor-version":[{"id":1039,"href":"https:\/\/tresorzentrale-mallorca.com\/es\/wp-json\/wp\/v2\/pages\/870\/revisions\/1039"}],"wp:attachment":[{"href":"https:\/\/tresorzentrale-mallorca.com\/es\/wp-json\/wp\/v2\/media?parent=870"}],"curies":[{"name":"wp","href":"https:\/\/api.w.org\/{rel}","templated":true}]}}