{"id":872,"date":"2024-07-22T07:44:44","date_gmt":"2024-07-22T07:44:44","guid":{"rendered":"https:\/\/tresorzentrale-mallorca.com\/imprint\/"},"modified":"2024-08-05T08:39:41","modified_gmt":"2024-08-05T08:39:41","slug":"imprint","status":"publish","type":"page","link":"https:\/\/tresorzentrale-mallorca.com\/en\/imprint\/","title":{"rendered":"Imprint"},"content":{"rendered":"<h1>\u00a7 Imprint<\/h1>\n<div>\n<p>Legal information and company information<\/p>\n<\/div>\n<div>\n<p><strong>tresorzentrale GmbH<\/strong><br \/>S\u00fcdliche M\u00fcnchner Stra\u00dfe 15<br \/>82031 Gr\u00fcnwald<\/p>\n<p><strong>Represented by Managing Director<\/strong><br \/>Michael Sontheimer<\/p>\n<p>Telephone: <a href=\"tel:+491713681245\">+49 (0)171 36 81 245<\/a><br \/>E-mail: <a href=\"mailto:info@tresorzentrale-mallorca.com\">info@tresorzentrale-mallorca.com<\/a><\/p>\n<p><strong>Register entry<\/strong><br \/>Munich District Court HRB 279639<\/p>\n<p><strong>Tax number:<\/strong> 143\/187\/72208<br \/><strong>VAT ID:<\/strong> DE 357 713 266<\/p>\n<p><strong>Source:<\/strong> http:\/\/www.e-recht24.de<\/p>\n<div class=\"woocommerce woocommerce-gzd woocommerce-gzd-complaints-shortcode\">\n<h3>Alternative dispute resolution in accordance with Art. 14 Para. 1 ODR-VO and Section 36 VSBG:<\/h3>\n<p>The European Commission provides a platform for online dispute resolution (ODR), which you can find at<span>\u00a0<\/span><a href=\"https:\/\/ec.europa.eu\/consumers\/odr\" target=\"_blank\" rel=\"noopener\">https:\/\/ec.europa.eu\/consumers\/odr<\/a><span>\u00a0<\/span>. We are neither obliged nor willing to participate in a dispute resolution procedure before a consumer arbitration board.<\/p>\n<\/div>\n<h2 class=\"wp-block-heading\">Disclaimer<\/h2>\n<p><strong>Liability for content<\/strong><br \/>As a service provider, we are liable for own contents of these pages in accordance. However, as a service provider we are not obliged to monitor submitted or stored information or to search for evidences that indicate illegal activities. Legal obligations to removing information or to blocking the use of information remain unchallenged. In this case, liability is only possible at the time of knowledge about a specific violation of law. If we become aware of such violations of law, we will remove this content immediately.<\/p>\n<p><strong>Liability for links<\/strong><br \/>Our offer contains links to external websites of third parties, over whose contents we have no influence. We therefore cannot accept any liability for this external content. The respective provider or operator of the pages is always responsible for the content of the linked pages. The linked pages were checked for possible legal violations at the time of linking. Illegal content was not recognizable at the time of linking. However, permanent control of the content of the linked pages is not reasonable without concrete evidence of a legal violation. If we become aware of any legal violations, we will remove such links immediately.<\/p>\n<p><strong>Copyright<\/strong><br \/>The content and works on these pages created by the site operators are subject to German copyright law. Duplication, processing, distribution and any type of exploitation outside the limits of copyright law require the written consent of the respective author or creator. Downloads and copies of this page are only permitted for private, non-commercial use. Insofar as the content on this page was not created by the operator, the copyrights of third parties are observed. In particular, third-party content is marked as such. Should you nevertheless become aware of a copyright violation, we ask you to notify us accordingly. If we become aware of any legal violations, we will remove such content immediately.<\/p>\n<\/div>\n<p><!--more--><br \/>\n<!-- {\"type\":\"layout\",\"children\":[{\"type\":\"section\",\"props\":{\"image_position\":\"center-center\",\"padding\":\"small\",\"style\":\"muted\",\"title_breakpoint\":\"xl\",\"title_position\":\"top-left\",\"title_rotation\":\"left\",\"vertical_align\":\"middle\",\"width\":\"large\"},\"children\":[{\"type\":\"row\",\"children\":[{\"type\":\"column\",\"props\":{\"image_position\":\"center-center\",\"position_sticky_breakpoint\":\"m\"},\"children\":[{\"type\":\"headline\",\"props\":{\"content\":\"\\u00a7 Imprint\",\"title_element\":\"h1\"}},{\"type\":\"text\",\"props\":{\"column_breakpoint\":\"m\",\"content\":\"\n\n<p>Legal information and company information<\\\/p>\",\"margin\":\"default\"}}]}]}]},{\"type\":\"section\",\"props\":{\"height\":\"page\",\"image_position\":\"center-center\",\"style\":\"default\",\"title_breakpoint\":\"xl\",\"title_position\":\"top-left\",\"title_rotation\":\"left\",\"vertical_align\":\"\",\"width\":\"large\"},\"children\":[{\"type\":\"row\",\"children\":[{\"type\":\"column\",\"props\":{\"image_position\":\"center-center\",\"position_sticky_breakpoint\":\"m\"},\"children\":[{\"type\":\"text\",\"props\":{\"column_breakpoint\":\"m\",\"content\":\"\n\n<p><strong>tresorzentrale GmbH<\\\/strong><br \\\/>S\\u00fcdliche M\\u00fcnchner Stra\\u00dfe 15<br \\\/>82031 Gr\\u00fcnwald<\\\/p>\\n\n\n<p><strong>Represented by Managing Director<\\\/strong><br \\\/>Michael Sontheimer<\\\/p>\\n\n\n<p>Telephone: <a href=\\\"tel:+491713681245\\\">+49 (0)171 36 81 245<\\\/a><br \\\/>E-mail: <a href=\\\"mailto:info@tresorzentrale-mallorca.com\\\">info@tresorzentrale-mallorca.com<\\\/a><\\\/p>\\n\n\n<p><strong>Register entry<\\\/strong><br \\\/>Munich District Court HRB 279639<\\\/p>\\n\n\n<p><strong>Tax number:<\\\/strong> 143\\\/187\\\/72208<br \\\/><strong>VAT ID:<\\\/strong> DE 357 713 266<\\\/p>\\n\n\n<p><strong>Source:<\\\/strong> http:\\\/\\\/www.e-recht24.de<\\\/p>\\n\n\n<div class=\\\"woocommerce woocommerce-gzd woocommerce-gzd-complaints-shortcode\\\">\\n\n\n<h3>Alternative dispute resolution in accordance with Art. 14 Para. 1 ODR-VO and Section 36 VSBG:<\\\/h3>\\n\n\n<p>The European Commission provides a platform for online dispute resolution (ODR), which you can find at<span>\\u00a0<\\\/span><a href=\\\"https:\\\/\\\/ec.europa.eu\\\/consumers\\\/odr\\\" target=\\\"_blank\\\" rel=\\\"noopener\\\">https:\\\/\\\/ec.europa.eu\\\/consumers\\\/odr<\\\/a><span>\\u00a0<\\\/span>. We are neither obliged nor willing to participate in a dispute resolution procedure before a consumer arbitration board.<\\\/p>\\n<\\\/div>\\n\n\n<h2 class=\\\"wp-block-heading\\\">Disclaimer<\\\/h2>\\n\n\n<p><strong>Liability for content<\\\/strong><br \\\/>As a service provider, we are liable for own contents of these pages in accordance. However, as a service provider we are not obliged to monitor submitted or stored information or to search for evidences that indicate illegal activities. Legal obligations to removing information or to blocking the use of information remain unchallenged. In this case, liability is only possible at the time of knowledge about a specific violation of law. If we become aware of such violations of law, we will remove this content immediately.<\\\/p>\\n\n\n<p><strong>Liability for links<\\\/strong><br \\\/>Our offer contains links to external websites of third parties, over whose contents we have no influence. We therefore cannot accept any liability for this external content. The respective provider or operator of the pages is always responsible for the content of the linked pages. The linked pages were checked for possible legal violations at the time of linking. Illegal content was not recognizable at the time of linking. However, permanent control of the content of the linked pages is not reasonable without concrete evidence of a legal violation. If we become aware of any legal violations, we will remove such links immediately.<\\\/p>\\n\n\n<p><strong>Copyright<\\\/strong><br \\\/>The content and works on these pages created by the site operators are subject to German copyright law. Duplication, processing, distribution and any type of exploitation outside the limits of copyright law require the written consent of the respective author or creator. Downloads and copies of this page are only permitted for private, non-commercial use. Insofar as the content on this page was not created by the operator, the copyrights of third parties are observed. In particular, third-party content is marked as such. Should you nevertheless become aware of a copyright violation, we ask you to notify us accordingly. If we become aware of any legal violations, we will remove such content immediately.<\\\/p>\",\"margin\":\"default\"}}]}]}]}],\"version\":\"4.4.6\",\"yooessentialsVersion\":\"2.2.15\"} --><\/p>\n","protected":false},"excerpt":{"rendered":"<p>\u00a7 Imprint Legal information and company information tresorzentrale GmbHS\u00fcdliche M\u00fcnchner Stra\u00dfe 1582031 Gr\u00fcnwald Represented by Managing DirectorMichael Sontheimer Telephone: +49 (0)171 36 81 245E-mail: info@tresorzentrale-mallorca.com Register entryMunich District Court HRB 279639 Tax number: 143\/187\/72208VAT ID: DE 357 713 266 Source: http:\/\/www.e-recht24.de Alternative dispute resolution in accordance with Art. 14 Para. 1 ODR-VO and Section 36 [&hellip;]<\/p>\n","protected":false},"author":1,"featured_media":0,"parent":0,"menu_order":0,"comment_status":"closed","ping_status":"closed","template":"","meta":{"_acf_changed":false,"footnotes":""},"class_list":["post-872","page","type-page","status-publish","hentry"],"acf":[],"_links":{"self":[{"href":"https:\/\/tresorzentrale-mallorca.com\/en\/wp-json\/wp\/v2\/pages\/872","targetHints":{"allow":["GET"]}}],"collection":[{"href":"https:\/\/tresorzentrale-mallorca.com\/en\/wp-json\/wp\/v2\/pages"}],"about":[{"href":"https:\/\/tresorzentrale-mallorca.com\/en\/wp-json\/wp\/v2\/types\/page"}],"author":[{"embeddable":true,"href":"https:\/\/tresorzentrale-mallorca.com\/en\/wp-json\/wp\/v2\/users\/1"}],"replies":[{"embeddable":true,"href":"https:\/\/tresorzentrale-mallorca.com\/en\/wp-json\/wp\/v2\/comments?post=872"}],"version-history":[{"count":5,"href":"https:\/\/tresorzentrale-mallorca.com\/en\/wp-json\/wp\/v2\/pages\/872\/revisions"}],"predecessor-version":[{"id":1038,"href":"https:\/\/tresorzentrale-mallorca.com\/en\/wp-json\/wp\/v2\/pages\/872\/revisions\/1038"}],"wp:attachment":[{"href":"https:\/\/tresorzentrale-mallorca.com\/en\/wp-json\/wp\/v2\/media?parent=872"}],"curies":[{"name":"wp","href":"https:\/\/api.w.org\/{rel}","templated":true}]}}